{"id":249,"date":"2021-12-16T12:33:11","date_gmt":"2021-12-16T11:33:11","guid":{"rendered":"http:\/\/ics-toolingsolutions.com\/cimsor\/"},"modified":"2025-07-24T11:17:15","modified_gmt":"2025-07-24T09:17:15","slug":"cimsor","status":"publish","type":"page","link":"https:\/\/ics-toolingsolutions.com\/hu\/cimsor\/","title":{"rendered":"C\u00edmsor"},"content":{"rendered":"<p>[et_pb_section fb_built=&#8221;1&#8243; _builder_version=&#8221;4.16&#8243; _module_preset=&#8221;default&#8221; custom_padding=&#8221;0px||0px||false|false&#8221; global_colors_info=&#8221;{}&#8221;][et_pb_row column_structure=&#8221;2_5,3_5&#8243; _builder_version=&#8221;4.16&#8243; _module_preset=&#8221;default&#8221; background_image=&#8221;https:\/\/ics-toolingsolutions.com\/wp-content\/uploads\/sites\/4\/2021\/12\/Header-Tooling-Solutions.jpg&#8221; width=&#8221;100%&#8221; background_last_edited=&#8221;on|phone&#8221; background_image_phone=&#8221;https:\/\/ics-toolingsolutions.com\/wp-content\/uploads\/sites\/4\/2021\/12\/Header-Tooling-Solutions-mobile.jpg&#8221; background_enable_image_phone=&#8221;on&#8221; global_colors_info=&#8221;{}&#8221;][et_pb_column type=&#8221;2_5&#8243; _builder_version=&#8221;4.16&#8243; _module_preset=&#8221;default&#8221; global_colors_info=&#8221;{}&#8221;][\/et_pb_column][et_pb_column type=&#8221;3_5&#8243; _builder_version=&#8221;4.16&#8243; _module_preset=&#8221;default&#8221; global_colors_info=&#8221;{}&#8221;][et_pb_text _builder_version=&#8221;4.16&#8243; _module_preset=&#8221;default&#8221; header_font=&#8221;|||on|||||&#8221; header_3_font=&#8221;|800||on|||||&#8221; header_3_text_color=&#8221;#FFFFFF&#8221; header_3_font_size=&#8221;78px&#8221; header_3_line_height=&#8221;1.01em&#8221; custom_margin=&#8221;25%||25%|8%|true|false&#8221; header_3_font_size_tablet=&#8221;65px&#8221; header_3_font_size_phone=&#8221;50px&#8221; header_3_font_size_last_edited=&#8221;on|desktop&#8221; global_colors_info=&#8221;{}&#8221;]<\/p>\n<h3>Teljes g\u0151zzel<br \/>el\u0151re!<\/h3>\n<p>[\/et_pb_text][\/et_pb_column][\/et_pb_row][\/et_pb_section][et_pb_section fb_built=&#8221;1&#8243; _builder_version=&#8221;4.16&#8243; _module_preset=&#8221;default&#8221; custom_padding=&#8221;||100px||false|false&#8221; global_colors_info=&#8221;{}&#8221;][et_pb_row _builder_version=&#8221;4.16&#8243; _module_preset=&#8221;default&#8221; global_colors_info=&#8221;{}&#8221;][et_pb_column type=&#8221;4_4&#8243; _builder_version=&#8221;4.16&#8243; _module_preset=&#8221;default&#8221; global_colors_info=&#8221;{}&#8221;][et_pb_text _builder_version=&#8221;4.16&#8243; _module_preset=&#8221;ba91878c-457d-4cc0-a3d4-1a37d23ade13&#8243; global_colors_info=&#8221;{}&#8221;]<\/p>\n<h2>C\u00edmsor<\/h2>\n<p>[\/et_pb_text][et_pb_text _builder_version=&#8221;4.25.1&#8243; _module_preset=&#8221;a854e4b7-498a-4a9b-be94-cd7d0d5c6ac4&#8243; text_font_size=&#8221;18px&#8221; header_2_font_size=&#8221;22px&#8221; header_5_font=&#8221;|600|||||||&#8221; header_5_text_color=&#8221;#000000&#8243; header_5_font_size=&#8221;20px&#8221; text_font_size_phone=&#8221;16px&#8221; header_5_font_size_tablet=&#8221;&#8221; header_5_font_size_phone=&#8221;18px&#8221; header_5_font_size_last_edited=&#8221;on|desktop&#8221; global_colors_info=&#8221;{}&#8221;]<\/p>\n<p>ics-tooling solutions Hungary Kft.<br \/>Agosty\u00e1ni u. 81\/a<br \/>H-2890 Tata<\/p>\n<p>Commercial Register: 01-09-339579<\/p>\n<p><strong>Represented by:<\/strong><br \/>Rolf Dieter Walter, Erich Sp\u00e4th<\/p>\n<h2>Contact<\/h2>\n<p>Phone: +36 34 884 010<br \/>E-mail: info@ics-tooling.com<\/p>\n<h2>VAT ID<\/h2>\n<p>Sales tax identification number according to Sect. 27 a of the Sales Tax Law:<br \/>HU26693233-2-11<\/p>\n<h2>Dispute resolution proceedings in front of a consumer arbitration board<\/h2>\n<p>We are not willing or obliged to participate in dispute resolution proceedings in front of a consumer arbitration board.<\/p>\n<p>[\/et_pb_text][\/et_pb_column][\/et_pb_row][\/et_pb_section]<\/p>\n","protected":false},"excerpt":{"rendered":"<p>Teljes g\u0151zzelel\u0151re!C\u00edmsorics-tooling solutions Hungary Kft.Agosty\u00e1ni u. 81\/aH-2890 Tata Commercial Register: 01-09-339579 Represented by:Rolf Dieter Walter, Erich Sp\u00e4th Contact Phone: +36 34 884 010E-mail: info@ics-tooling.com VAT ID Sales tax identification number according to Sect. 27 a of the Sales Tax Law:HU26693233-2-11 Dispute resolution proceedings in front of a consumer arbitration board We are not willing or [&hellip;]<\/p>\n","protected":false},"author":1,"featured_media":0,"parent":0,"menu_order":0,"comment_status":"closed","ping_status":"closed","template":"","meta":{"_acf_changed":false,"_et_pb_use_builder":"on","_et_pb_old_content":"","_et_gb_content_width":"","inline_featured_image":false,"footnotes":""},"class_list":["post-249","page","type-page","status-publish","hentry"],"acf":[],"aioseo_notices":[],"_links":{"self":[{"href":"https:\/\/ics-toolingsolutions.com\/hu\/wp-json\/wp\/v2\/pages\/249","targetHints":{"allow":["GET"]}}],"collection":[{"href":"https:\/\/ics-toolingsolutions.com\/hu\/wp-json\/wp\/v2\/pages"}],"about":[{"href":"https:\/\/ics-toolingsolutions.com\/hu\/wp-json\/wp\/v2\/types\/page"}],"author":[{"embeddable":true,"href":"https:\/\/ics-toolingsolutions.com\/hu\/wp-json\/wp\/v2\/users\/1"}],"replies":[{"embeddable":true,"href":"https:\/\/ics-toolingsolutions.com\/hu\/wp-json\/wp\/v2\/comments?post=249"}],"version-history":[{"count":7,"href":"https:\/\/ics-toolingsolutions.com\/hu\/wp-json\/wp\/v2\/pages\/249\/revisions"}],"predecessor-version":[{"id":431,"href":"https:\/\/ics-toolingsolutions.com\/hu\/wp-json\/wp\/v2\/pages\/249\/revisions\/431"}],"wp:attachment":[{"href":"https:\/\/ics-toolingsolutions.com\/hu\/wp-json\/wp\/v2\/media?parent=249"}],"curies":[{"name":"wp","href":"https:\/\/api.w.org\/{rel}","templated":true}]}}